{"id":2784,"date":"2025-11-05T19:01:29","date_gmt":"2025-11-05T18:01:29","guid":{"rendered":"https:\/\/planio.pl\/?post_type=product&#038;p=2784"},"modified":"2026-01-05T18:11:02","modified_gmt":"2026-01-05T17:11:02","slug":"wyzwanie-oszczednosciowe-lapkowe","status":"publish","type":"product","link":"https:\/\/planio.pl\/?product=wyzwanie-oszczednosciowe-lapkowe","title":{"rendered":"Wyzwanie oszcz\u0119dno\u015bciowe \u201e\u0141apkowe\u201d"},"content":{"rendered":"<p data-start=\"632\" data-end=\"824\">\u201e\u0141apkowe\u201d to wyzwanie stworzone z my\u015bl\u0105 o mi\u0142o\u015bnikach zwierzak\u00f3w i nie tylko. Pomaga odk\u0142ada\u0107 niewielkie kwoty w przyjemny, wizualny spos\u00f3b \u2013 bez stresu i bez odczuwania obci\u0105\u017cenia w bud\u017cecie.<\/p>\n<p>Na karcie znajduj\u0105 si\u0119 gotowe kwoty. Odk\u0142adaj wskazan\u0105 sum\u0119 i zakre\u015blaj lub zamalowuj odpowiadaj\u0105ce jej pole. Po uzupe\u0142nieniu wszystkich p\u00f3l w kopercie uzbierasz <strong data-start=\"988\" data-end=\"998\">300 z\u0142<\/strong> \u2013 mo\u017cesz przeznaczy\u0107 je na zwierzaka, drobne zachcianki albo po prostu zostawi\u0107 na p\u00f3\u017aniej.<\/p>\n<p>Karta jest drukowana w profesjonalnej drukarni na papierze <strong data-start=\"1151\" data-end=\"1160\">350 g<\/strong>, posiada <strong data-start=\"1170\" data-end=\"1192\">matowe wyko\u0144czenie<\/strong> i jest <strong data-start=\"1200\" data-end=\"1214\">laminowana<\/strong>, dzi\u0119ki czemu jest trwa\u0142a, odporna na zniszczenia i <strong data-start=\"1267\" data-end=\"1291\">wielokrotnego u\u017cytku<\/strong>.<\/p>\n<p><strong data-start=\"1294\" data-end=\"1311\">Wymiar karty:<\/strong> 15 \u00d7 7,5 cm<br \/>\nWybierz, czy chcesz kart\u0119 kupi\u0107 <strong data-start=\"1358\" data-end=\"1366\">sam\u0105<\/strong>, czy <strong data-start=\"1372\" data-end=\"1388\">z kopert\u0105 A6<\/strong> \u2013 opcja dost\u0119pna przy zakupie.<\/p>\n<p><span style=\"text-decoration: underline;\"><strong>Kolory produkt\u00f3w na zdj\u0119ciach mog\u0105 minimalnie r\u00f3\u017cni\u0107 si\u0119 od tych w rzeczywisto\u015bci, w zale\u017cno\u015bci od ustawie\u0144 monitora. Produkt wykonywany r\u0119cznie \u2013 mo\u017cliwe niewielkie r\u00f3\u017cnice wymiar\u00f3w.<\/strong><\/span><\/p>\n","protected":false},"excerpt":{"rendered":"<p>Wyzwanie oszcz\u0119dno\u015bciowe \u201e\u0141apkowe\u201d \u2013 karta z gotowymi kwotami do odk\u0142adania. Po wype\u0142nieniu wszystkich p\u00f3l uzbierasz 300 z\u0142. Opcjonalnie dost\u0119pna koperta A6.<\/p>\n","protected":false},"featured_media":2780,"comment_status":"open","ping_status":"closed","template":"","meta":{"_gspb_post_css":"","om_disable_all_campaigns":false,"_monsterinsights_skip_tracking":false,"_monsterinsights_sitenote_active":false,"_monsterinsights_sitenote_note":"","_monsterinsights_sitenote_category":0},"product_brand":[],"product_cat":[252],"product_tag":[],"class_list":{"0":"post-2784","1":"product","2":"type-product","3":"status-publish","4":"has-post-thumbnail","6":"product_cat-wyzwania","8":"first","9":"instock","10":"shipping-taxable","11":"purchasable","12":"product-type-variable"},"aioseo_notices":[],"_links":{"self":[{"href":"https:\/\/planio.pl\/index.php?rest_route=\/wp\/v2\/product\/2784","targetHints":{"allow":["GET"]}}],"collection":[{"href":"https:\/\/planio.pl\/index.php?rest_route=\/wp\/v2\/product"}],"about":[{"href":"https:\/\/planio.pl\/index.php?rest_route=\/wp\/v2\/types\/product"}],"replies":[{"embeddable":true,"href":"https:\/\/planio.pl\/index.php?rest_route=%2Fwp%2Fv2%2Fcomments&post=2784"}],"wp:featuredmedia":[{"embeddable":true,"href":"https:\/\/planio.pl\/index.php?rest_route=\/wp\/v2\/media\/2780"}],"wp:attachment":[{"href":"https:\/\/planio.pl\/index.php?rest_route=%2Fwp%2Fv2%2Fmedia&parent=2784"}],"wp:term":[{"taxonomy":"product_brand","embeddable":true,"href":"https:\/\/planio.pl\/index.php?rest_route=%2Fwp%2Fv2%2Fproduct_brand&post=2784"},{"taxonomy":"product_cat","embeddable":true,"href":"https:\/\/planio.pl\/index.php?rest_route=%2Fwp%2Fv2%2Fproduct_cat&post=2784"},{"taxonomy":"product_tag","embeddable":true,"href":"https:\/\/planio.pl\/index.php?rest_route=%2Fwp%2Fv2%2Fproduct_tag&post=2784"}],"curies":[{"name":"wp","href":"https:\/\/api.w.org\/{rel}","templated":true}]}}