{"id":2356,"date":"2025-10-27T23:04:06","date_gmt":"2025-10-27T22:04:06","guid":{"rendered":"https:\/\/planio.pl\/?post_type=product&#038;p=2356"},"modified":"2026-01-05T18:11:02","modified_gmt":"2026-01-05T17:11:02","slug":"wyzwanie-oszczednosciowe-12-miesiecy","status":"publish","type":"product","link":"https:\/\/planio.pl\/?product=wyzwanie-oszczednosciowe-12-miesiecy","title":{"rendered":"Wyzwanie oszcz\u0119dno\u015bciowe \u201e12 miesi\u0119cy\u201d"},"content":{"rendered":"<p data-start=\"483\" data-end=\"605\">To wyzwanie pomo\u017ce Ci odk\u0142ada\u0107 pieni\u0105dze w spos\u00f3b prosty i regularny przez ca\u0142y rok.<br \/>\nDost\u0119pne s\u0105 dwa warianty do wyboru:<\/p>\n<p><strong data-start=\"607\" data-end=\"632\">Wariant \u201e12 miesi\u0119cy\u201d<\/strong> \u2013 w ka\u017cdym miesi\u0105cu odk\u0142adasz wskazane na karcie kwoty.<br \/>\n<strong data-start=\"691\" data-end=\"716\">Wariant \u201e52 tygodnie\u201d<\/strong> \u2013 odk\u0142adasz kwoty od 1 z\u0142 do 52 z\u0142, ma\u0142ymi krokami przez rok.<\/p>\n<p>Zakre\u015blaj pola po ka\u017cdej wp\u0142acie i obserwuj, jak bud\u017cet ro\u015bnie spokojnie i bez stresu \u2013 niezale\u017cnie od tego, kt\u00f3ry wariant wybierzesz. To idealny spos\u00f3b na tworzenie odpowiedzialnego nawyku oszcz\u0119dzania i odk\u0142adanie na dowolny cel.<\/p>\n<p>Karta jest drukowana w profesjonalnej drukarni na papierze <strong data-start=\"1072\" data-end=\"1081\">350 g<\/strong>, posiada <strong data-start=\"1091\" data-end=\"1113\">matowe wyko\u0144czenie<\/strong> i jest <strong data-start=\"1121\" data-end=\"1135\">laminowana<\/strong>, dzi\u0119ki czemu jest trwa\u0142a, odporna na zniszczenia i <strong data-start=\"1188\" data-end=\"1212\">wielokrotnego u\u017cytku<\/strong>.<\/p>\n<p><strong data-start=\"1215\" data-end=\"1232\">Wymiar karty:<\/strong> 15 \u00d7 7,5 cm<br \/>\nMo\u017cesz kupi\u0107 <strong data-start=\"1260\" data-end=\"1274\">sam\u0105 kart\u0119<\/strong> lub <strong data-start=\"1279\" data-end=\"1301\">kart\u0119 z kopert\u0105 A6<\/strong> \u2013 wybierz odpowiedni\u0105 opcj\u0119 przy zakupie.<\/p>\n<p><span style=\"text-decoration: underline;\"><strong>Kolory produkt\u00f3w na zdj\u0119ciach mog\u0105 minimalnie r\u00f3\u017cni\u0107 si\u0119 od rzeczywisto\u015bci, w zale\u017cno\u015bci od ustawie\u0144 monitora. Produkt wykonywany r\u0119cznie \u2013 mo\u017cliwe niewielkie r\u00f3\u017cnice wymiar\u00f3w.<\/strong><\/span><\/p>\n","protected":false},"excerpt":{"rendered":"<p>Wyzwanie oszcz\u0119dno\u015bciowe \u201e12 miesi\u0119cy \/ 52 tygodnie\u201d \u2013 karta do regularnego odk\u0142adania pieni\u0119dzy przez ca\u0142y rok. Wybierz wariant odk\u0142adania. Opcjonalnie dost\u0119pna koperta A6.<\/p>\n","protected":false},"featured_media":2401,"comment_status":"open","ping_status":"closed","template":"","meta":{"_gspb_post_css":"","om_disable_all_campaigns":false,"_monsterinsights_skip_tracking":false,"_monsterinsights_sitenote_active":false,"_monsterinsights_sitenote_note":"","_monsterinsights_sitenote_category":0},"product_brand":[],"product_cat":[252],"product_tag":[],"class_list":{"0":"post-2356","1":"product","2":"type-product","3":"status-publish","4":"has-post-thumbnail","6":"product_cat-wyzwania","8":"first","9":"instock","10":"shipping-taxable","11":"purchasable","12":"product-type-variable"},"aioseo_notices":[],"_links":{"self":[{"href":"https:\/\/planio.pl\/index.php?rest_route=\/wp\/v2\/product\/2356","targetHints":{"allow":["GET"]}}],"collection":[{"href":"https:\/\/planio.pl\/index.php?rest_route=\/wp\/v2\/product"}],"about":[{"href":"https:\/\/planio.pl\/index.php?rest_route=\/wp\/v2\/types\/product"}],"replies":[{"embeddable":true,"href":"https:\/\/planio.pl\/index.php?rest_route=%2Fwp%2Fv2%2Fcomments&post=2356"}],"wp:featuredmedia":[{"embeddable":true,"href":"https:\/\/planio.pl\/index.php?rest_route=\/wp\/v2\/media\/2401"}],"wp:attachment":[{"href":"https:\/\/planio.pl\/index.php?rest_route=%2Fwp%2Fv2%2Fmedia&parent=2356"}],"wp:term":[{"taxonomy":"product_brand","embeddable":true,"href":"https:\/\/planio.pl\/index.php?rest_route=%2Fwp%2Fv2%2Fproduct_brand&post=2356"},{"taxonomy":"product_cat","embeddable":true,"href":"https:\/\/planio.pl\/index.php?rest_route=%2Fwp%2Fv2%2Fproduct_cat&post=2356"},{"taxonomy":"product_tag","embeddable":true,"href":"https:\/\/planio.pl\/index.php?rest_route=%2Fwp%2Fv2%2Fproduct_tag&post=2356"}],"curies":[{"name":"wp","href":"https:\/\/api.w.org\/{rel}","templated":true}]}}