{"id":2355,"date":"2025-10-27T23:01:08","date_gmt":"2025-10-27T22:01:08","guid":{"rendered":"https:\/\/planio.pl\/?post_type=product&#038;p=2355"},"modified":"2025-12-04T22:11:36","modified_gmt":"2025-12-04T21:11:36","slug":"podsumowanie-wyzwania-karta-kontrolna-do-oszczedzania","status":"publish","type":"product","link":"https:\/\/planio.pl\/?product=podsumowanie-wyzwania-karta-kontrolna-do-oszczedzania","title":{"rendered":"Podsumowanie wyzwania \u2013 karta kontrolna do oszcz\u0119dzania"},"content":{"rendered":"<p data-start=\"440\" data-end=\"721\">Karta \u201ePodsumowanie wyzwania\u201d to praktyczne uzupe\u0142nienie ka\u017cdego wyzwania oszcz\u0119dno\u015bciowego. Pozwala w wygodny spos\u00f3b zapisywa\u0107 daty wp\u0142at, kwoty oraz aktualny stan \u015brodk\u00f3w w kopercie, dzi\u0119ki czemu masz pe\u0142n\u0105 kontrol\u0119 nad post\u0119pami i widzisz, jak oszcz\u0119dno\u015bci rosn\u0105 z ka\u017cdym dniem.<\/p>\n<p>Karta jest drukowana w profesjonalnej drukarni na papierze 350 g, posiada matowe wyko\u0144czenie i jest laminowana, co sprawia, \u017ce jest trwa\u0142a, odporna na zniszczenia i wielokrotnego u\u017cytku.<\/p>\n<p><strong data-start=\"911\" data-end=\"928\">Wymiar karty:<\/strong> 15 \u00d7 7,5 cm<br \/>\nKart\u0119 mo\u017cesz kupi\u0107 sam\u0105 lub w zestawie z kopert\u0105 A6 \u2013 wybierz odpowiedni\u0105 opcj\u0119 przy zakupie.<\/p>\n<p><span style=\"text-decoration: underline\"><strong>Kolory produkt\u00f3w na zdj\u0119ciach mog\u0105 minimalnie r\u00f3\u017cni\u0107 si\u0119 od tych w rzeczywisto\u015bci, w zale\u017cno\u015bci od ustawie\u0144 monitora. Produkt jest wykonywany r\u0119cznie, dlatego wymiary mog\u0105 nieznacznie si\u0119 r\u00f3\u017cni\u0107.<\/strong><\/span><\/p>\n","protected":false},"excerpt":{"rendered":"<p>Karta \u201ePodsumowanie wyzwania\u201d \u2013 do zapisywania post\u0119p\u00f3w, dat wp\u0142at i aktualnej kwoty w kopercie. Opcjonalnie dost\u0119pna koperta A6.<\/p>\n","protected":false},"featured_media":2402,"comment_status":"open","ping_status":"closed","template":"","meta":{"_gspb_post_css":"","om_disable_all_campaigns":false,"_monsterinsights_skip_tracking":false,"_monsterinsights_sitenote_active":false,"_monsterinsights_sitenote_note":"","_monsterinsights_sitenote_category":0},"product_brand":[],"product_cat":[252],"product_tag":[],"class_list":{"0":"post-2355","1":"product","2":"type-product","3":"status-publish","4":"has-post-thumbnail","6":"product_cat-wyzwania","8":"first","9":"outofstock","10":"shipping-taxable","11":"purchasable","12":"product-type-variable"},"aioseo_notices":[],"_links":{"self":[{"href":"https:\/\/planio.pl\/index.php?rest_route=\/wp\/v2\/product\/2355","targetHints":{"allow":["GET"]}}],"collection":[{"href":"https:\/\/planio.pl\/index.php?rest_route=\/wp\/v2\/product"}],"about":[{"href":"https:\/\/planio.pl\/index.php?rest_route=\/wp\/v2\/types\/product"}],"replies":[{"embeddable":true,"href":"https:\/\/planio.pl\/index.php?rest_route=%2Fwp%2Fv2%2Fcomments&post=2355"}],"wp:featuredmedia":[{"embeddable":true,"href":"https:\/\/planio.pl\/index.php?rest_route=\/wp\/v2\/media\/2402"}],"wp:attachment":[{"href":"https:\/\/planio.pl\/index.php?rest_route=%2Fwp%2Fv2%2Fmedia&parent=2355"}],"wp:term":[{"taxonomy":"product_brand","embeddable":true,"href":"https:\/\/planio.pl\/index.php?rest_route=%2Fwp%2Fv2%2Fproduct_brand&post=2355"},{"taxonomy":"product_cat","embeddable":true,"href":"https:\/\/planio.pl\/index.php?rest_route=%2Fwp%2Fv2%2Fproduct_cat&post=2355"},{"taxonomy":"product_tag","embeddable":true,"href":"https:\/\/planio.pl\/index.php?rest_route=%2Fwp%2Fv2%2Fproduct_tag&post=2355"}],"curies":[{"name":"wp","href":"https:\/\/api.w.org\/{rel}","templated":true}]}}