{"id":2241,"date":"2025-10-14T23:21:07","date_gmt":"2025-10-14T21:21:07","guid":{"rendered":"https:\/\/planio.pl\/?post_type=product&#038;p=2241"},"modified":"2026-01-14T17:56:19","modified_gmt":"2026-01-14T16:56:19","slug":"marker-permanentny-kolor-czarny","status":"publish","type":"product","link":"https:\/\/planio.pl\/?product=marker-permanentny-kolor-czarny","title":{"rendered":"Marker permanentny \u2013 r\u00f3\u017cne kolory"},"content":{"rendered":"<p data-start=\"301\" data-end=\"611\">Marker permanentny <strong data-start=\"320\" data-end=\"330\">Planio<\/strong> to praktyczne narz\u0119dzie do planowania, notowania i kreatywnej pracy.<br \/>\nCienka ko\u0144c\u00f3wka <strong data-start=\"418\" data-end=\"432\">Fine Point<\/strong> umo\u017cliwia precyzyjne pisanie, podkre\u015blanie i ozdabianie, a atrament jest <strong data-start=\"506\" data-end=\"559\">szybkoschn\u0105cy, wodoodporny i odporny na \u015bcieranie<\/strong> \u2013 dzi\u0119ki czemu zapiski pozostaj\u0105 czytelne i trwa\u0142e.<\/p>\n<p><strong>Marker sprawdza si\u0119 na wielu powierzchniach:<\/strong><\/p>\n<p>&#8211; papier,<br \/>\n&#8211; plastik,<br \/>\n&#8211; metal,<br \/>\n&#8211; szk\u0142o.<\/p>\n<p>Idealny do <strong data-start=\"709\" data-end=\"786\">planer\u00f3w, organizer\u00f3w, kart bud\u017cetowych, domowych notatek i projekt\u00f3w DIY<\/strong>.<\/p>\n<p>Dost\u0119pny w <strong data-start=\"800\" data-end=\"820\">r\u00f3\u017cnych kolorach<\/strong> do wyboru.<\/p>\n<p><span style=\"text-decoration: underline;\"><strong>Kolor markera mo\u017ce nieznacznie r\u00f3\u017cni\u0107 si\u0119 od widocznego na zdj\u0119ciu, w zale\u017cno\u015bci od ustawie\u0144 ekranu i o\u015bwietlenia.<\/strong><\/span><\/p>\n","protected":false},"excerpt":{"rendered":"<p>Marker permanentny Planio z cienk\u0105 ko\u0144c\u00f3wk\u0105 Fine Point. Wodoodporny, szybkoschn\u0105cy i odporny na \u015bcieranie. Dost\u0119pny w wielu kolorach.<\/p>\n","protected":false},"featured_media":2437,"comment_status":"open","ping_status":"closed","template":"","meta":{"_gspb_post_css":"","om_disable_all_campaigns":false,"_monsterinsights_skip_tracking":false,"_monsterinsights_sitenote_active":false,"_monsterinsights_sitenote_note":"","_monsterinsights_sitenote_category":0},"product_brand":[],"product_cat":[236],"product_tag":[],"class_list":{"0":"post-2241","1":"product","2":"type-product","3":"status-publish","4":"has-post-thumbnail","6":"product_cat-akcesoria","8":"first","9":"instock","10":"shipping-taxable","11":"purchasable","12":"product-type-variable"},"aioseo_notices":[],"_links":{"self":[{"href":"https:\/\/planio.pl\/index.php?rest_route=\/wp\/v2\/product\/2241","targetHints":{"allow":["GET"]}}],"collection":[{"href":"https:\/\/planio.pl\/index.php?rest_route=\/wp\/v2\/product"}],"about":[{"href":"https:\/\/planio.pl\/index.php?rest_route=\/wp\/v2\/types\/product"}],"replies":[{"embeddable":true,"href":"https:\/\/planio.pl\/index.php?rest_route=%2Fwp%2Fv2%2Fcomments&post=2241"}],"wp:featuredmedia":[{"embeddable":true,"href":"https:\/\/planio.pl\/index.php?rest_route=\/wp\/v2\/media\/2437"}],"wp:attachment":[{"href":"https:\/\/planio.pl\/index.php?rest_route=%2Fwp%2Fv2%2Fmedia&parent=2241"}],"wp:term":[{"taxonomy":"product_brand","embeddable":true,"href":"https:\/\/planio.pl\/index.php?rest_route=%2Fwp%2Fv2%2Fproduct_brand&post=2241"},{"taxonomy":"product_cat","embeddable":true,"href":"https:\/\/planio.pl\/index.php?rest_route=%2Fwp%2Fv2%2Fproduct_cat&post=2241"},{"taxonomy":"product_tag","embeddable":true,"href":"https:\/\/planio.pl\/index.php?rest_route=%2Fwp%2Fv2%2Fproduct_tag&post=2241"}],"curies":[{"name":"wp","href":"https:\/\/api.w.org\/{rel}","templated":true}]}}