{"id":1585,"date":"2025-09-17T13:18:58","date_gmt":"2025-09-17T11:18:58","guid":{"rendered":"https:\/\/planio.pl\/sklep\/mietowy\/"},"modified":"2025-11-13T23:01:44","modified_gmt":"2025-11-13T22:01:44","slug":"mietowy-organizer-budzetowy-a6","status":"publish","type":"product","link":"https:\/\/planio.pl\/?product=mietowy-organizer-budzetowy-a6","title":{"rendered":"Mi\u0119towy organizer bud\u017cetowy A6"},"content":{"rendered":"<p>Stylowy <strong data-start=\"224\" data-end=\"257\">mi\u0119towy organizer bud\u017cetowy A6<\/strong>, kt\u00f3ry mo\u017cesz personalizowa\u0107 wed\u0142ug w\u0142asnych potrzeb. Sprawdzi si\u0119 w metodzie kopertowej, planowaniu wydatk\u00f3w i kontrolowaniu bud\u017cetu domowego. W \u015brodku znajduje si\u0119 <strong data-start=\"424\" data-end=\"447\">6-ringowy mechanizm<\/strong>, kt\u00f3ry pozwala wygodnie przek\u0142ada\u0107, dodawa\u0107 i uzupe\u0142nia\u0107 wk\u0142ady.<\/p>\n<p><strong>Mo\u017cesz u\u017cywa\u0107 go z:<br \/>\n<\/strong><br \/>\n&#8211; kopertami strunowymi A6,<br \/>\n&#8211; kartami kategorii,<br \/>\n&#8211; wyzwaniami oszcz\u0119dno\u015bciowymi.<\/p>\n<p data-start=\"807\" data-end=\"936\">Dzi\u0119ki temu tworzysz dok\u0142adnie taki system oszcz\u0119dzania i zarz\u0105dzania finansami, jaki dzia\u0142a dla Ciebie, a nie ten \u201ez internetu\u201d.<\/p>\n<p data-start=\"1077\" data-end=\"1184\"><strong data-start=\"1077\" data-end=\"1124\">Wk\u0142ady (koperty i karty) nie s\u0105 w zestawie.<\/strong><br data-start=\"1124\" data-end=\"1127\" \/>Mo\u017cesz dokupi\u0107 je osobno i dopasowa\u0107 do w\u0142asnych potrzeb.<\/p>\n<p data-start=\"1212\" data-end=\"1226\">Format: <strong data-start=\"1220\" data-end=\"1226\">A6<br \/>\n<\/strong>Kolor: <strong data-start=\"1236\" data-end=\"1249\">mi\u0119towy<br \/>\n<\/strong>Mechanizm: <strong data-start=\"1263\" data-end=\"1275\">6 ring\u00f3w<br \/>\n<\/strong>Zamkni\u0119cie: <strong data-start=\"1290\" data-end=\"1302\">magnetyczne<br \/>\n<\/strong>Kompatybilno\u015b\u0107: <strong>wk\u0142ady A6<\/strong> (koperty strunowe, karty kategorii, karty wyzwa\u0144)<\/p>\n<p data-start=\"1428\" data-end=\"1588\"><span style=\"text-decoration: underline;\"><strong>Kolor mo\u017ce minimalnie r\u00f3\u017cni\u0107 si\u0119 w zale\u017cno\u015bci od ekranu.<\/strong><\/span><\/p>\n","protected":false},"excerpt":{"rendered":"<p>Organizer bud\u017cetowy A6 w kolorze mi\u0119towym z zamkni\u0119ciem na magnes i 6-ringowym mechanizmem. Idealny do metody kopertowej. Sprzedawany bez kopert i kart \u2013 wk\u0142ady dobierasz osobno.<\/p>\n","protected":false},"featured_media":1700,"comment_status":"open","ping_status":"closed","template":"","meta":{"_gspb_post_css":"","om_disable_all_campaigns":false,"_monsterinsights_skip_tracking":false,"_monsterinsights_sitenote_active":false,"_monsterinsights_sitenote_note":"","_monsterinsights_sitenote_category":0},"product_brand":[],"product_cat":[230],"product_tag":[],"class_list":{"0":"post-1585","1":"product","2":"type-product","3":"status-publish","4":"has-post-thumbnail","6":"product_cat-organizery","8":"first","9":"instock","10":"sale","11":"shipping-taxable","12":"purchasable","13":"product-type-simple"},"aioseo_notices":[],"_links":{"self":[{"href":"https:\/\/planio.pl\/index.php?rest_route=\/wp\/v2\/product\/1585","targetHints":{"allow":["GET"]}}],"collection":[{"href":"https:\/\/planio.pl\/index.php?rest_route=\/wp\/v2\/product"}],"about":[{"href":"https:\/\/planio.pl\/index.php?rest_route=\/wp\/v2\/types\/product"}],"replies":[{"embeddable":true,"href":"https:\/\/planio.pl\/index.php?rest_route=%2Fwp%2Fv2%2Fcomments&post=1585"}],"wp:featuredmedia":[{"embeddable":true,"href":"https:\/\/planio.pl\/index.php?rest_route=\/wp\/v2\/media\/1700"}],"wp:attachment":[{"href":"https:\/\/planio.pl\/index.php?rest_route=%2Fwp%2Fv2%2Fmedia&parent=1585"}],"wp:term":[{"taxonomy":"product_brand","embeddable":true,"href":"https:\/\/planio.pl\/index.php?rest_route=%2Fwp%2Fv2%2Fproduct_brand&post=1585"},{"taxonomy":"product_cat","embeddable":true,"href":"https:\/\/planio.pl\/index.php?rest_route=%2Fwp%2Fv2%2Fproduct_cat&post=1585"},{"taxonomy":"product_tag","embeddable":true,"href":"https:\/\/planio.pl\/index.php?rest_route=%2Fwp%2Fv2%2Fproduct_tag&post=1585"}],"curies":[{"name":"wp","href":"https:\/\/api.w.org\/{rel}","templated":true}]}}